{"id":20,"date":"2014-10-17T16:20:20","date_gmt":"2014-10-17T14:20:20","guid":{"rendered":"http:\/\/www.marinellatumino.it\/?page_id=20"},"modified":"2018-04-05T17:49:12","modified_gmt":"2018-04-05T15:49:12","slug":"chi-sono","status":"publish","type":"page","link":"http:\/\/www.marinellatumino.it\/?page_id=20","title":{"rendered":"Chi sono"},"content":{"rendered":"<p><a href=\"http:\/\/www.marinellatumino.it\/wp-content\/uploads\/2014\/10\/marinellatumino.jpg\"><img loading=\"lazy\" class=\"alignnone size-full wp-image-9\" src=\"http:\/\/www.marinellatumino.it\/wp-content\/uploads\/2014\/10\/marinellatumino.jpg\" alt=\"marinellatumino\" width=\"200\" height=\"200\" srcset=\"http:\/\/www.marinellatumino.it\/wp-content\/uploads\/2014\/10\/marinellatumino.jpg 200w, http:\/\/www.marinellatumino.it\/wp-content\/uploads\/2014\/10\/marinellatumino-150x150.jpg 150w\" sizes=\"(max-width: 200px) 100vw, 200px\" \/><\/a><\/p>\n<p>Biografia<\/p>\n<p>Sono nata a Ragusa nel febbraio del 1969 e qui vivo con la mia famiglia. Sono sposata con Salvo Firrincieli ed ho due figli: Lorenzo (14 anni) ed Enrico (9) miei &#8220;amori incondizionati&#8221;.<\/p>\n<p>Dopo aver frequentato il Liceo Scientifico, ho studiato Pedagogia, presso la Facolt\u00e0 di Magistero di Catania.<\/p>\n<p>Ho frequentato dei Master sulla Comunicazione e lavorato come Pedagogista d&#8217;\u00e9quipe presso\u00a0un centro per bambini audiolesi e\/o svantaggiati e, in seguito, presso l&#8217;oratorio salesiano, seguendo casi di svantaggio socio-economico.<\/p>\n<p>La passione per la Letteratura in genere, ma in particolare per quella italiana e per la Storia Moderna e Contemporanea, mi ha portata all&#8217;insegnamento.<\/p>\n<p>Entrata di ruolo nel 2000 (Ministero Pubblica Istruzione), dal 2006 insegno Materie Letterarie presso un Istituto Tecnico della mia Citt\u00e0.<\/p>\n<p>Collaboro saltuariamente con due testate giornalistiche on-line: www.operaincerta.it e www.ragusaoggi.it<\/p>\n<p>Nel <strong>2011<\/strong> ho realizzato un progetto con 34\u00a0 miei studenti,\u00a0 due colleghi ed una giornalista aderendo al progetto\u00a0TRENO DELLA MEMORIA, un&#8217;esperienza indelebile\u00a0\u00a0che ci ha condotti ai confini dell&#8217;anima. Grazie a questo viaggio che \u00e8 stato soprattutto di natura &#8220;interiore&#8221;, \u00e8 nato il mio primo libro\/saggio, QUEL TRENO PER LA POLONIA, edito dalla casa editrice OPERAINCERTALIBRI.<\/p>\n<p>Nel<strong> maggio 2014 <\/strong> la casa editrice Kimerik ha pubblicato, per meriti letterari, il mio racconto LA SOFFITTA INCANTATA che \u00e8 inserito nella raccolta antologica GRANELLI DI PAROLE<\/p>\n<p><strong>Ottobre 2014<\/strong>:ecco il mio primo romanzogenito: FRAMMENTI D&#8217;ANIMA, edito da GIOVANE HOLDEN EDIZIONI-GRUPPO FELTRINELLI.<br \/>\nIl <strong> 7 \/8 novembre 2014<\/strong> ho partecipato all&#8217;International Book Festival di Pisa in cui il romanzo FRAMMENTI D&#8217;ANIMA \u00e8 stato &#8220;lanciato&#8221; e presentato al pubblico.<\/p>\n<p><strong>Dicembre 2014 <\/strong>la casa editrice Kimerik ha pubblicato nell&#8217;antologia AMORE E PSICHE-sezione racconti, A PICCOLI PASSI-LETTERA A MIO FIGLIO.<\/p>\n<p><strong>Febbraio 2015<\/strong>, il racconto NONNA, RACCONTAMI UNA STORIA risulta uno dei dieci vincitori al concorso internazionale &#8220;SAN VALENTINO: L&#8217;AMORE TRA POESIA E NARRATIVA&#8221;. Il racconto \u00e8 stato pubblicato nell&#8217;antologia PERLE D&#8217;AMORE, edita dalla casa editrice APOLLOEDIZIONI.<\/p>\n<p>Il <strong>26 febbraio 2015 <\/strong>ho partecipato al programma televisivo BUONGIORNO QUOTIDIANO, curato dalla giornalista Chiara Scucces e programmato da VIDEOREGIONE SICILIA. Un&#8217;esperienza nuova ed entusiasmante in cui ho parlato della mia passione, appunto la scrittura, del mio romanzo FRAMMENTI D&#8217;ANIMA, e dei vari racconti che sono stati premiati in pi\u00f9 occasioni e pubblicati in antologie varie.<\/p>\n<p><strong>Marzo 2015 <\/strong>la casa editrice SENSOINVERSOEDIZIONI per meriti letterari, ha pubblicato il mio racconto SOGNO CLANDESTINO.<\/p>\n<p><strong>22 aprile 2015 <\/strong>in occasione della GIORNATA MONDIALE DEL LIBRO E DEI DIRITTI D&#8217;AUTORE, la Direzione Scolastica Paolo Vetri mi ha invitata per incontrare i bambini di QUINTA ELEMENTARE. In questa occasione, l&#8217;attrice Milena Nobile ha letto e interpretato per me A PICCOLI PASSI- LETTERA A MIO FIGLIO e NONNA, RACCONTAMI UNA STORIA. Tripudio di applausi e grandi emozioni.<\/p>\n<p><strong>Settembre 2015<\/strong> la casa editrice Kimerik pubblica il mio ultimo lavoro <strong>TRAME D&#8217;INCHIOSTRO- RACCONTI E OLTRE<\/strong>. Protagonista assoluta dell&#8217;opera \u00e8 la donna in tutte le sue pi\u00f9 svariate declinazioni.<\/p>\n<p><strong>19 SETTEMBRE 2015<\/strong> TRAME D&#8217;INCHIOSTRO fa il suo lancio in occasione del BUK FESTIVAL DI CATANIA. Altra esperienza entusiasmante.<br \/>\n&#8220;Trame d&#8217;inchiostro&#8221; ha gi\u00e0 partecipato alla FIERA DEL LIBRO IN CANTINA, a Susegana (TV) 3 e 4 ottobre 2015; il 10 e 11 ottobre 2015 \u00e8 stato presente alla FIERA DEL LIBRO E DEL FUMETTO di ALESSANDRIA.<br \/>\n<strong>Dal 14 al 18 ottobre sempre del 2015 p.v <\/strong>. \u00e8 volato a FRANCOFORTE (GERMANIA) per partecipare ad uno degli eventi pi\u00f9 importanti d&#8217;Europa: la FIERA del LIBRO di FRANCOFORTE.<br \/>\nIl <strong>31 ottobre <\/strong>TRAME D&#8217;INCHIOSTRO ha incontrato il pubblico ragusano presso la SALA FALCONE-BORSELLINO con una serata evento presentata dalla giornalista Giovannella Galliano, nonch\u00e9 prefatrice dell&#8217;opera. E&#8217; poi intervenuta l&#8217;assessore alla Cultura arch. Stefania Campo. Musiche e voci ad opera di Fabio Fatuzzo e Aldo Terranova. Grande successo di pubblico in sala.<br \/>\nNel dicembre 2015 ecco alcuni appuntamenti cui il libro ha avuto la fortuna di partecipare: la Fiera del libro al PalaEur di Roma, poi <strong>CONVERSAZIONE A SCICLI<\/strong>presso il Circolo Letterario &#8220;Brancati&#8221; dialogando con il Prof. Giuseppe Pitrolo; ancora a COMISO, presso la Pro Loco una presentazione curata dalla prof.ssa Maria Rita Schembari e con letture a cura di Lella Lombardo.<br \/>\nIl <strong>21\/12 <\/strong>al <strong>teatro ANGELO MUSCO <\/strong>di Catania si \u00e8 svolta la serata di premiazione del prestigioso CONCORSO EFESTO- CITTA&#8217; di CATANIA 3^ edizione dove ho partecipato col racconto A PICCOLI PASSI-LETTERA A MIO FIGLIO classificatosi al 4\u00b0 posto.<br \/>\nE poi ancora il 22 dicembre sempre 2015, in occasione della presentazione del periodico LOPINIONE al TEATRO ACCADEMIA DI BELLEZZA ho letto il racconto SOGNO CLANDESTINO sulle note di Satie interpretate dalla talentuosa pianista di fama internazionale LAURA DIANA NOCCHIERO.<br \/>\n<strong>Nell&#8217;Aprile 2016<\/strong>, dopo altre presentazioni in giro per la provincia di Ragusa e incontri con le scolaresche,  <strong>i miei ultimi due libri FRAMMENTI D&#8217;ANIMA, Giovane Holden Edizioni 2014 e TRAME D&#8217;INCHIOSTRO-RACCONTI E OLTRE, Kimerik Edizioni 2015 sono stati catalogati e conservati presso la <strong>Biblioteca del Dipartimento di Italiano presso l?Universit\u00e0 La Sorbonne- Censier- Paris3<\/strong>.<\/p>\n<p><\/strong>Diverse le pubblicazioni sui social di poesie e frammenti di prosa lirica&#8230;In particolare segnalo il sito Pensieri e Parole.<br \/>\n<strong> Maggio 2016 <strong> ho partecipato al SALONE INTERNAZIONALE DEL LIBRO di TORINO, dopo  un tour per la provincia di ragusa con il mio libro TRAME D&#8217;INCHIOSTRO-RACCONTI E OLTRE, Kimerik Edizioni 2015.<br \/>\nNovembre 2016 premiazione per SEGNALAZIONE (MENZIONE SPECIALE) per le mie due opere: l&#8217;una edita, il racconto I LUOGHI DELL&#8217;ANIMA (Tratto da &#8220;TRAME D&#8217;INCHIOSTRO&#8221;) e l&#8217;altra inedita, la poesia LA SFERA DELL&#8217;INCASTRO PERFETTO ( in seno al Concorso &#8220;Progetti di Armonia&#8221;).<br \/>\nLa premiazione si \u00e8 svolta presso il Convento dei Cappuccini a Sortino.<br \/>\n<strong>Venerd\u00ec 23 dicembre 2016<\/strong>, in occasione dell&#8217;evento <strong>NATALE IN CENTRO<\/strong> ho partecipato a <strong>PARLIAMO DI LIBRI<\/strong>, aspettando<br \/>\nLIB(E)RI A RAGUSA 2017, conversazione letteraria curata magistralmente dalla prof.ssa Gaudenzia Flaccavento. Assieme a me altri scrittori come Emanuele Cavarra, Salvo Miccich\u00e8 e Gianni Papa.<\/p>\n<p>Il <strong>10 giugno 2017<\/strong> a San Pancrazio Salentino che con grande calore mi ha accolta, sono stata premiata al CONCORSO &#8220;VERSI FRA DUE MARI&#8221; dove per il mio racconto inedito BATTITO ho avuto la <strong>MENZIONE DI MERITO<\/strong>.E, ancora, sempre in giugno, ho ottenuto la MENZIONE SPECIALE per la mia poesia inedita A TESTA IN GIU&#8217;.<br \/>\n<\/strong>Dicembre 2017<strong> Vengo premiata in <\/strong>Campidoglio<strong> per il racconto LA PORTA SOCCHIUSA.<br \/>\n<strong>GENNAIO 2018 <\/strong>esce <strong>L&#8217;URLO DEL DANUBIO<\/strong> edito da Operaincerta Editore<\/p>\n<p>Le mie passioni? La danza e con essa i viaggi e lo studio della Lingua Inglese per la quale ho conseguito diverse certificazioni Cambridge, oltre a lettura e scrittura e fotografia.<\/p>\n<blockquote><p><strong>\u201cSe vogliamo ottenere il pi\u00f9 profondo appagamento, possiamo realizzarlo in un solo modo: decidendo che cosa desideriamo di pi\u00f9 nella vita, quali sono i nostri pi\u00f9 alti valori e poi impegnarci a vivere con questa decisione tutti i giorni.&#8221;\u00a0\u00a0 <strong>Anthony Robbins<\/strong><\/strong><\/p><\/blockquote>\n<p>&nbsp;<\/p>\n<p>&nbsp;<\/p>\n","protected":false},"excerpt":{"rendered":"<p>Biografia Sono nata a Ragusa nel febbraio del 1969 e qui vivo con la mia famiglia. Sono sposata con Salvo Firrincieli ed ho due figli: Lorenzo (14 anni) ed Enrico (9) miei &#8220;amori incondizionati&#8221;. Dopo aver frequentato il Liceo Scientifico, ho studiato Pedagogia, presso la Facolt\u00e0 di Magistero di Catania. Ho frequentato dei Master sulla &#8230; <span class=\"more\"><a class=\"more-link\" href=\"http:\/\/www.marinellatumino.it\/?page_id=20\">[Read more&#8230;]<\/a><\/span><\/p>\n","protected":false},"author":1,"featured_media":0,"parent":0,"menu_order":0,"comment_status":"open","ping_status":"open","template":"","meta":[],"_links":{"self":[{"href":"http:\/\/www.marinellatumino.it\/index.php?rest_route=\/wp\/v2\/pages\/20"}],"collection":[{"href":"http:\/\/www.marinellatumino.it\/index.php?rest_route=\/wp\/v2\/pages"}],"about":[{"href":"http:\/\/www.marinellatumino.it\/index.php?rest_route=\/wp\/v2\/types\/page"}],"author":[{"embeddable":true,"href":"http:\/\/www.marinellatumino.it\/index.php?rest_route=\/wp\/v2\/users\/1"}],"replies":[{"embeddable":true,"href":"http:\/\/www.marinellatumino.it\/index.php?rest_route=%2Fwp%2Fv2%2Fcomments&post=20"}],"version-history":[{"count":24,"href":"http:\/\/www.marinellatumino.it\/index.php?rest_route=\/wp\/v2\/pages\/20\/revisions"}],"predecessor-version":[{"id":2381,"href":"http:\/\/www.marinellatumino.it\/index.php?rest_route=\/wp\/v2\/pages\/20\/revisions\/2381"}],"wp:attachment":[{"href":"http:\/\/www.marinellatumino.it\/index.php?rest_route=%2Fwp%2Fv2%2Fmedia&parent=20"}],"curies":[{"name":"wp","href":"https:\/\/api.w.org\/{rel}","templated":true}]}}