{"id":28,"date":"2014-10-17T16:26:35","date_gmt":"2014-10-17T14:26:35","guid":{"rendered":"http:\/\/www.marinellatumino.it\/?page_id=28"},"modified":"2014-10-17T20:05:40","modified_gmt":"2014-10-17T18:05:40","slug":"trama","status":"publish","type":"page","link":"http:\/\/www.marinellatumino.it\/?page_id=28","title":{"rendered":"Trama"},"content":{"rendered":"<p>Matilde Stefanelli, giovane e avvenente giornalista, vive in un piccolo paese del Sud Italia.<\/p>\n<p>Dolce, sensibile, reduce\u00a0dal dolore\u00a0 per la perdita del padre. Matilde apparentemente sembra una donna fragile al contrario della madre che \u00e8 per lei punto di riferimento. In realt\u00e0 \u00e8 una di quelle donne con l&#8217;anima vicino alla pelle, ovvero in grado di affrontare le avversit\u00e0, di lottare contro ogni insidia e ogni istinto, sempre pronta a rialzarsi e a ricominciare.<\/p>\n<p>In attesa di partire per un Master di\u00a0sei mesi in Inghilterra, incontra il Commissario della Squadra Mobile Carlo Andreini\u00a0ed \u00e8 il classico colpo di fulmine. Entrambi si ritrovano travolti in un crescendo di emozioni ed eventi. Alla loro felicit\u00e0 si oppone un ostacolo: Carlo \u00e8 sposato ed ha due figli e non ha nessuna intenzione di separarsi da essi.<\/p>\n<p>Una storia d\u2019amore fatta di gesti romantici, erotismo, passione, vissuta dalla Nostra con grande tenerezza ma anche con profondo dolore. Carlo si riveler\u00e0\u00a0per lei\u00a0come le onde del mare che vanno e vengono e non sanno da che parte stare, ma che travolgono con il loro ipnotico suono e moto eterno.<\/p>\n<p>Talvolta \u00e8 necessario\u00a0compiere delle scelte, impensabili solo poco tempo prima. E l&#8217;impossibile diventa un limite della mente che l&#8217;anima e il cuore possono frantumare controvento.<\/p>\n<p>&nbsp;<\/p>\n<p><em>\u00a0<\/em><\/p>\n<p><em>\u00a0<\/em><\/p>\n","protected":false},"excerpt":{"rendered":"<p>Matilde Stefanelli, giovane e avvenente giornalista, vive in un piccolo paese del Sud Italia. Dolce, sensibile, reduce\u00a0dal dolore\u00a0 per la perdita del padre. Matilde apparentemente sembra una donna fragile al contrario della madre che \u00e8 per lei punto di riferimento. In realt\u00e0 \u00e8 una di quelle donne con l&#8217;anima vicino alla pelle, ovvero in grado &#8230; <span class=\"more\"><a class=\"more-link\" href=\"http:\/\/www.marinellatumino.it\/?page_id=28\">[Read more&#8230;]<\/a><\/span><\/p>\n","protected":false},"author":1,"featured_media":0,"parent":0,"menu_order":0,"comment_status":"open","ping_status":"open","template":"","meta":[],"_links":{"self":[{"href":"http:\/\/www.marinellatumino.it\/index.php?rest_route=\/wp\/v2\/pages\/28"}],"collection":[{"href":"http:\/\/www.marinellatumino.it\/index.php?rest_route=\/wp\/v2\/pages"}],"about":[{"href":"http:\/\/www.marinellatumino.it\/index.php?rest_route=\/wp\/v2\/types\/page"}],"author":[{"embeddable":true,"href":"http:\/\/www.marinellatumino.it\/index.php?rest_route=\/wp\/v2\/users\/1"}],"replies":[{"embeddable":true,"href":"http:\/\/www.marinellatumino.it\/index.php?rest_route=%2Fwp%2Fv2%2Fcomments&post=28"}],"version-history":[{"count":3,"href":"http:\/\/www.marinellatumino.it\/index.php?rest_route=\/wp\/v2\/pages\/28\/revisions"}],"predecessor-version":[{"id":61,"href":"http:\/\/www.marinellatumino.it\/index.php?rest_route=\/wp\/v2\/pages\/28\/revisions\/61"}],"wp:attachment":[{"href":"http:\/\/www.marinellatumino.it\/index.php?rest_route=%2Fwp%2Fv2%2Fmedia&parent=28"}],"curies":[{"name":"wp","href":"https:\/\/api.w.org\/{rel}","templated":true}]}}