{"id":34,"date":"2014-10-17T16:27:48","date_gmt":"2014-10-17T14:27:48","guid":{"rendered":"http:\/\/www.marinellatumino.it\/?page_id=34"},"modified":"2014-10-19T20:00:15","modified_gmt":"2014-10-19T18:00:15","slug":"quel-treno-per-la-polonia","status":"publish","type":"page","link":"http:\/\/www.marinellatumino.it\/?page_id=34","title":{"rendered":"Quel treno per la Polonia"},"content":{"rendered":"<p>L&#8217;opuscolo rappresenta l&#8217;esigenza impellente di mettere nero su bianco un&#8217;esperienza che ha segnato fortemente un po&#8217; tutti i partecipanti, me compresa. E&#8217;, pertanto, il resoconto di un percorso molto complesso.<\/p>\n<p>Ci\u00f2 su cui ho voluto porre l&#8217;attenzione \u00e8 il VIAGGIO.<\/p>\n<p>Viaggio visto in pi\u00f9 dimensioni che procedono parallelamente e che, a volte, si intersecano: intanto la dimensione del <strong>viaggio fisico<\/strong> in cui un gruppo di oltre 800 partecipanti ha dato vita, grazie a questo treno speciale, alla COMUNITA&#8217; VIAGGIANTE il cui\u00a0obiettivo \u00e8 stato quello di raggiungere la POLONIA. Il viaggio in Polonia ha regalato la possibilit\u00e0 di visitare CRACOVIA, capitale culturale ed artistica con i suoi stupendi monumenti gotici, citt\u00e0 che si \u00e8 &#8220;europeizzata&#8221;, a passo coi tempi e, nell&#8217;arco di pochi anni, si \u00e8 proiettata verso il futuro anche perch\u00e9 \u00e8 una citt\u00e0 che pullula di giovani (con ben oltre 30 universit\u00e0) e che offre un&#8217;infinit\u00e0 di servizi e tanto divertimento. Ancora, ha dato l&#8217;opportunit\u00e0 di visitare il quartiere ed il ghetto ebraico e apice del percorso \u00e8 stato sicuramente la visita ai campi di sterminio di Auschwitz I e Auschwitz II, ovvero Birkenau. Altra dimensione \u00e8 quella del viaggio come percorso formativo sia individuale che collettivo, quindi la piena realizzazione del progetto <strong>TRENO DELLA MEMORIA<\/strong> che consiste, appunto, in un processo di apprendimento e conoscenza, grazie ai vari momenti di formazione, confronto e riflessione in cui si sono affrontate tematiche inerenti la guerra, i sistemi totalitari, la deportazione. Infine, ultima dimensione, quella del <strong>viaggio nel binario della Memoria<\/strong> ma anche in quello della propria interiorit\u00e0 fino a giungere ai confini dell&#8217;anima. Si entra in contatto con la propria intimit\u00e0, con l&#8217;io pi\u00f9 nascosto. La memoria gioca un ruolo davvero fondamentale perch\u00e9 funge da trait d&#8217;union tra Passato e Presente. Il viaggio \u00e8 dunque \u00e8 funzione della Memoria e la meta di questo viaggio raggiungere la parte pi\u00f9 recondita e intima della nostra interiorit\u00e0, i confini dell&#8217;anima in cui si va alla ricerca di risposte, di soluzioni ma non sempre, purtroppo, \u00e8 possibile trovarne.<\/p>\n<p><strong>Il viaggio con il TRENO DELLA MEMORIA \u00e8 stato ed \u00e8 prendere coscienza di ci\u00f2 che \u00e8 stato, rielaborarlo, condividerlo.<\/strong><\/p>\n<p>Ci auguriamo che non vada mai nel dimenticatoio e che possa servire da INPUT, soprattutto ai giovani, per poter diventare CITTADINI ATTIVI, AGENTI PERMANENTI DI CAMBIAMENTO DELLA SOCIETA&#8217;.<\/p>\n<blockquote><p><strong>C&#8217;\u00e8 solo un viaggio possibile: quello che facciamo nel nostro mondo interiore. Non credo che si possa viaggiare di pi\u00f9 nel nostro pianeta. Cos\u00ec come non credo che si viaggi per tornare. L&#8217;uomo non pu\u00f2 tornare mai allo stesso punto da cui \u00e8 partito perch\u00e9, nel frattempo, lui stesso \u00e8 cambiato. Da s\u00e9 stessi non si pu\u00f2 fuggire<\/strong> (Da &#8221; Tempo di viaggio&#8221; di Andrej Tarkovskij )<\/p><\/blockquote>\n<p>&nbsp;<\/p>\n<p>&nbsp;<\/p>\n<p>&nbsp;<\/p>\n","protected":false},"excerpt":{"rendered":"<p>L&#8217;opuscolo rappresenta l&#8217;esigenza impellente di mettere nero su bianco un&#8217;esperienza che ha segnato fortemente un po&#8217; tutti i partecipanti, me compresa. E&#8217;, pertanto, il resoconto di un percorso molto complesso. Ci\u00f2 su cui ho voluto porre l&#8217;attenzione \u00e8 il VIAGGIO. Viaggio visto in pi\u00f9 dimensioni che procedono parallelamente e che, a volte, si intersecano: intanto &#8230; <span class=\"more\"><a class=\"more-link\" href=\"http:\/\/www.marinellatumino.it\/?page_id=34\">[Read more&#8230;]<\/a><\/span><\/p>\n","protected":false},"author":1,"featured_media":89,"parent":0,"menu_order":0,"comment_status":"open","ping_status":"open","template":"","meta":[],"_links":{"self":[{"href":"http:\/\/www.marinellatumino.it\/index.php?rest_route=\/wp\/v2\/pages\/34"}],"collection":[{"href":"http:\/\/www.marinellatumino.it\/index.php?rest_route=\/wp\/v2\/pages"}],"about":[{"href":"http:\/\/www.marinellatumino.it\/index.php?rest_route=\/wp\/v2\/types\/page"}],"author":[{"embeddable":true,"href":"http:\/\/www.marinellatumino.it\/index.php?rest_route=\/wp\/v2\/users\/1"}],"replies":[{"embeddable":true,"href":"http:\/\/www.marinellatumino.it\/index.php?rest_route=%2Fwp%2Fv2%2Fcomments&post=34"}],"version-history":[{"count":6,"href":"http:\/\/www.marinellatumino.it\/index.php?rest_route=\/wp\/v2\/pages\/34\/revisions"}],"predecessor-version":[{"id":96,"href":"http:\/\/www.marinellatumino.it\/index.php?rest_route=\/wp\/v2\/pages\/34\/revisions\/96"}],"wp:featuredmedia":[{"embeddable":true,"href":"http:\/\/www.marinellatumino.it\/index.php?rest_route=\/wp\/v2\/media\/89"}],"wp:attachment":[{"href":"http:\/\/www.marinellatumino.it\/index.php?rest_route=%2Fwp%2Fv2%2Fmedia&parent=34"}],"curies":[{"name":"wp","href":"https:\/\/api.w.org\/{rel}","templated":true}]}}